{"id":4727,"date":"2019-06-12T15:05:27","date_gmt":"2019-06-12T15:05:27","guid":{"rendered":"https:\/\/researchinlisbonqual.cm-lisboa.pt\/useful-information\/"},"modified":"2022-06-21T12:17:58","modified_gmt":"2022-06-21T12:17:58","slug":"useful-information","status":"publish","type":"page","link":"https:\/\/researchinlisbon.pt\/en\/useful-information\/","title":{"rendered":"Useful Information"},"content":{"rendered":"<div class=\"fusion-fullwidth fullwidth-box fusion-builder-row-1 nonhundred-percent-fullwidth non-hundred-percent-height-scrolling\" style=\"--awb-border-radius-top-left:0px;--awb-border-radius-top-right:0px;--awb-border-radius-bottom-right:0px;--awb-border-radius-bottom-left:0px;--awb-flex-wrap:wrap;\" ><div class=\"fusion-builder-row fusion-row\"><div class=\"fusion-layout-column fusion_builder_column fusion-builder-column-0 fusion_builder_column_1_1 1_1 fusion-one-full fusion-column-first fusion-column-last\" style=\"--awb-bg-size:cover;\"><div class=\"fusion-column-wrapper fusion-column-has-shadow fusion-flex-column-wrapper-legacy\"><div class=\"fusion-title title fusion-title-1 fusion-title-text fusion-title-size-one\"><h1 class=\"fusion-title-heading title-heading-left\" style=\"margin:0;\"><h1 class=\"yellow bold pb20\">USEFUL INFORMATION<\/h1><\/h1><span class=\"awb-title-spacer\"><\/span><div class=\"title-sep-container\"><div class=\"title-sep sep-double sep-solid\" style=\"border-color:#e0dede;\"><\/div><\/div><\/div><div class=\"fusion-clearfix\"><\/div><\/div><\/div><div class=\"fusion-layout-column fusion_builder_column fusion-builder-column-1 fusion_builder_column_1_2 1_2 fusion-one-half fusion-column-first\" style=\"--awb-bg-size:cover;width:50%;width:calc(50% - ( ( 4% ) * 0.5 ) );margin-right: 4%;\"><div class=\"fusion-column-wrapper fusion-column-has-shadow fusion-flex-column-wrapper-legacy\"><div class=\"fusion-title title fusion-title-2 fusion-title-text fusion-title-size-two\"><h2 class=\"fusion-title-heading title-heading-left\" style=\"margin:0;\">Location<\/h2><span class=\"awb-title-spacer\"><\/span><div class=\"title-sep-container\"><div class=\"title-sep sep-double sep-solid\" style=\"border-color:#e0dede;\"><\/div><\/div><\/div><div class=\"fusion-text fusion-text-1\"><div class=\"two_third\">\n<div class=\"info_block\">\n<p>Lisbon is the capital of Portugal, a country located in the extreme southwest of Europe and which includes the archipelagos of the Azores and Madeira, in the Atlantic Ocean.<\/p>\n<\/div>\n<\/div>\n<\/div><div class=\"fusion-title title fusion-title-3 fusion-title-text fusion-title-size-two\"><h2 class=\"fusion-title-heading title-heading-left\" style=\"margin:0;\"><p class=\"dark_blue bold\">Climate<\/p><\/h2><span class=\"awb-title-spacer\"><\/span><div class=\"title-sep-container\"><div class=\"title-sep sep-double sep-solid\" style=\"border-color:#e0dede;\"><\/div><\/div><\/div><div class=\"fusion-text fusion-text-2\"><div class=\"two_third\">\n<div><\/div>\n<div class=\"info_block\">In Lisbon, winter is mild and summer is hot but moderate due to the proximity to the sea. During spring and autumn there are many sunny days, with mild temperatures.<\/div>\n<\/div>\n<\/div><div class=\"fusion-title title fusion-title-4 fusion-title-text fusion-title-size-two\"><h2 class=\"fusion-title-heading title-heading-left\" style=\"margin:0;\"><p class=\"dark_blue bold\">Demographic Information<\/p><\/h2><span class=\"awb-title-spacer\"><\/span><div class=\"title-sep-container\"><div class=\"title-sep sep-double sep-solid\" style=\"border-color:#e0dede;\"><\/div><\/div><\/div><div class=\"fusion-text fusion-text-3\"><div class=\"two_third\">\n<div><\/div>\n<div class=\"info_block\">Portugal has a population of about 10 million and 300 thousand inhabitants. About 3 million people live in the Lisbon region, and Lisbon has approximately 600,000 inhabitants.<\/div>\n<div><\/div>\n<\/div>\n<\/div><div class=\"fusion-title title fusion-title-5 fusion-title-text fusion-title-size-two\"><h2 class=\"fusion-title-heading title-heading-left\" style=\"margin:0;\"><p class=\"dark_blue bold\">Language<\/p><\/h2><span class=\"awb-title-spacer\"><\/span><div class=\"title-sep-container\"><div class=\"title-sep sep-double sep-solid\" style=\"border-color:#e0dede;\"><\/div><\/div><\/div><div class=\"fusion-text fusion-text-4\"><div class=\"two_third\">\n<div class=\"info_block\">\n<p>Portuguese is the third most spoken language in the world, by about 250 million people.<\/p>\n<\/div>\n<\/div>\n<\/div><div class=\"fusion-title title fusion-title-6 fusion-title-text fusion-title-size-two\"><h2 class=\"fusion-title-heading title-heading-left\" style=\"margin:0;\"><p class=\"dark_blue bold\">Currency<\/p><\/h2><span class=\"awb-title-spacer\"><\/span><div class=\"title-sep-container\"><div class=\"title-sep sep-double sep-solid\" style=\"border-color:#e0dede;\"><\/div><\/div><\/div><div class=\"fusion-text fusion-text-5\"><div class=\"two_third\">\n<div><\/div>\n<div class=\"info_block\">The Euro is the official currency of Portugal.<\/div>\n<\/div>\n<\/div><div class=\"fusion-title title fusion-title-7 fusion-title-text fusion-title-size-two\"><h2 class=\"fusion-title-heading title-heading-left\" style=\"margin:0;\"><p class=\"dark_blue bold\">Health Care<\/p><\/h2><span class=\"awb-title-spacer\"><\/span><div class=\"title-sep-container\"><div class=\"title-sep sep-double sep-solid\" style=\"border-color:#e0dede;\"><\/div><\/div><\/div><div class=\"fusion-text fusion-text-6\"><p>In Portugal, health care is provided by the National Health Service (SNS), comprising Health Centers and Public Hospitals. Hospital Emergency Services should only be used in serious situations.<\/p>\n<p>Permanent Assistance (24 hours a day): 808 24 24 24<\/p>\n<p>National Emergency Medical Number: 112<\/p>\n<\/div><div class=\"fusion-title title fusion-title-8 fusion-title-text fusion-title-size-two\"><h2 class=\"fusion-title-heading title-heading-left\" style=\"margin:0;\"><p class=\"dark_blue bold\">Electricity<\/p><\/h2><span class=\"awb-title-spacer\"><\/span><div class=\"title-sep-container\"><div class=\"title-sep sep-double sep-solid\" style=\"border-color:#e0dede;\"><\/div><\/div><\/div><div class=\"fusion-text fusion-text-7\"><div class=\"two_third\">\n<div class=\"info_block\">Electric current: 230 \/ 400 volts, at a frequency of 50 hertz. Power sockets comply with European standards.<\/div>\n<\/div>\n<\/div><div class=\"fusion-clearfix\"><\/div><\/div><\/div><div class=\"fusion-layout-column fusion_builder_column fusion-builder-column-2 fusion_builder_column_1_2 1_2 fusion-one-half fusion-column-last\" style=\"--awb-bg-size:cover;width:50%;width:calc(50% - ( ( 4% ) * 0.5 ) );\"><div class=\"fusion-column-wrapper fusion-column-has-shadow fusion-flex-column-wrapper-legacy\"><div class=\"fusion-title title fusion-title-9 fusion-title-text fusion-title-size-three\"><h3 class=\"fusion-title-heading title-heading-left\" style=\"margin:0;\">USEFUL CONTACTS<\/h3><span class=\"awb-title-spacer\"><\/span><div class=\"title-sep-container\"><div class=\"title-sep sep-double sep-solid\" style=\"border-color:#e0dede;\"><\/div><\/div><\/div><div class=\"fusion-text fusion-text-8\"><div class=\"full_width gray_bg p10 left spaced_link\"><a class=\"pb20 left\" href=\"https:\/\/www.dges.gov.pt\/en\" target=\"_blank\" rel=\"noopener noreferrer\">Dire\u00e7\u00e3o Geral de Ensino Superior<\/a><br \/>\n<a href=\"https:\/\/www.europeanjobdays.eu\/en\/company\/pnrq-ponto-nacional-de-refer%C3%AAncia-para-qualifica%C3%A7%C3%B5es-national-reference-point-qualifications\" target=\"_blank\" rel=\"noopener\">Ponto Nacional de Refer\u00eancia para as Qualifica\u00e7\u00f5es<\/a><br \/>\n<a class=\"pb20 left\" href=\"http:\/\/www.proalv.pt\/\" target=\"_blank\" rel=\"noopener noreferrer\">Ag\u00eancia PROALV<\/a><br \/>\n<a class=\"pb20 left\" href=\"https:\/\/www.dges.gov.pt\/en\/pagina\/portuguese-naric-center\" target=\"_blank\" rel=\"noopener noreferrer\">NARIC Portugal<\/a><br \/>\n<a class=\"pb20 left\" href=\"http:\/\/www.anqep.gov.pt\/\" target=\"_blank\" rel=\"noopener noreferrer\">Ag\u00eancia Nacional para a Qualifica\u00e7\u00e3o e o Ensino Profissional<\/a><br \/>\n<a class=\"pb20 left\" href=\"https:\/\/eportugal.gov.pt\/en\/inicio\" target=\"_blank\" rel=\"noopener noreferrer\">Portal do Cidad\u00e3o<\/a><br \/>\n<a href=\"https:\/\/servicos.min-saude.pt\/utente\/\" target=\"_blank\" rel=\"noopener\">Portal do Utente (Sa\u00fade)<\/a><br \/>\n<a class=\"pb20 left\" href=\"https:\/\/www.instituto-camoes.pt\/en\/\" target=\"_blank\" rel=\"noopener noreferrer\">Centro Virtual Cam\u00f5es<\/a><br \/>\n<a class=\"pb20 left\" href=\"http:\/\/www.easyportuguese.com\/\" target=\"_blank\" rel=\"noopener noreferrer\">Easy Portuguese<\/a><br \/>\n<a class=\"pb20 left\" href=\"https:\/\/ec.europa.eu\/eures\/public\/index_en\" target=\"_blank\" rel=\"noopener noreferrer\">Portal Europeu de Mobilidade Profissional<\/a><br \/>\n<a class=\"pb20 left\" href=\"http:\/\/www.iefp.pt\/\" target=\"_blank\" rel=\"noopener noreferrer\">Instituto do Emprego e Forma\u00e7\u00e3o Profissional<\/a><br \/>\n<a class=\"pb20 left\" href=\"http:\/\/www.act.gov.pt\/\" target=\"_blank\" rel=\"noopener noreferrer\">Autoridade para as Condi\u00e7\u00f5es de Trabalho<\/a><br \/>\n<a class=\"pb20 left\" href=\"http:\/\/ec.europa.eu\/immigration\" target=\"_blank\" rel=\"noopener noreferrer\">EU Immigration Portal<\/a><br \/>\n<a class=\"pb20 left\" href=\"https:\/\/www.sef.pt\/en\/Pages\/homepage.aspx\" target=\"_blank\" rel=\"noopener noreferrer\">Servi\u00e7o de Estrangeiros e Fronteiras<\/a><br \/>\n<a class=\"pb20 left\" href=\"http:\/\/europa.eu\/\" target=\"_blank\" rel=\"noopener noreferrer\">Portal Oficial da Uni\u00e3o Europeia<\/a><br \/>\n<a class=\"pb20 left\" href=\"https:\/\/www.portugal.gov.pt\/en\/gc23\" target=\"_blank\" rel=\"noopener noreferrer\">Governo de Portugal<\/a><br \/>\n<a class=\"pb20 left\" href=\"https:\/\/www.investlisboa.com\/site\/en\/\" target=\"_blank\" rel=\"noopener noreferrer\">Invest Lisboa<\/a><br \/>\n<a class=\"pb20 left\" href=\"http:\/\/www.cm-lisboa.pt\/\" target=\"_blank\" rel=\"noopener noreferrer\">C\u00e2mara Municipal de Lisboa<\/a><br \/>\n<a class=\"pb20 left\" href=\"http:\/\/www.portugal.gov.pt\/media\/13071616\/livro-corpo-diplomatico.pdf\" target=\"_blank\" rel=\"noopener noreferrer\">Minist\u00e9rio dos Neg\u00f3cios Estrangeiros \u2013 Embaixadas em Lisboa<\/a><\/div>\n<\/div><div class=\"fusion-clearfix\"><\/div><\/div><\/div><\/div><\/div>\n","protected":false},"excerpt":{"rendered":"","protected":false},"author":2,"featured_media":0,"parent":0,"menu_order":0,"comment_status":"closed","ping_status":"closed","template":"","meta":{"footnotes":""},"class_list":["post-4727","page","type-page","status-publish","hentry"],"yoast_head":"<!-- This site is optimized with the Yoast SEO plugin v27.2 - https:\/\/yoast.com\/product\/yoast-seo-wordpress\/ -->\n<title>Useful Information - Research in Lisbon<\/title>\n<meta name=\"robots\" content=\"index, follow, max-snippet:-1, max-image-preview:large, max-video-preview:-1\" \/>\n<link rel=\"canonical\" href=\"https:\/\/researchinlisbon.pt\/en\/useful-information\/\" \/>\n<meta property=\"og:locale\" content=\"en_US\" \/>\n<meta property=\"og:type\" content=\"article\" \/>\n<meta property=\"og:title\" content=\"Useful Information - Research in Lisbon\" \/>\n<meta property=\"og:url\" content=\"https:\/\/researchinlisbon.pt\/en\/useful-information\/\" \/>\n<meta property=\"og:site_name\" content=\"Research in Lisbon\" \/>\n<meta property=\"article:modified_time\" content=\"2022-06-21T12:17:58+00:00\" \/>\n<meta name=\"twitter:card\" content=\"summary_large_image\" \/>\n<meta name=\"twitter:label1\" content=\"Est. reading time\" \/>\n\t<meta name=\"twitter:data1\" content=\"6 minutes\" \/>\n<script type=\"application\/ld+json\" class=\"yoast-schema-graph\">{\"@context\":\"https:\/\/schema.org\",\"@graph\":[{\"@type\":\"WebPage\",\"@id\":\"https:\/\/researchinlisbon.pt\/en\/useful-information\/\",\"url\":\"https:\/\/researchinlisbon.pt\/en\/useful-information\/\",\"name\":\"Useful Information - Research in Lisbon\",\"isPartOf\":{\"@id\":\"https:\/\/researchinlisbon.pt\/#website\"},\"datePublished\":\"2019-06-12T15:05:27+00:00\",\"dateModified\":\"2022-06-21T12:17:58+00:00\",\"breadcrumb\":{\"@id\":\"https:\/\/researchinlisbon.pt\/en\/useful-information\/#breadcrumb\"},\"inLanguage\":\"en-US\",\"potentialAction\":[{\"@type\":\"ReadAction\",\"target\":[\"https:\/\/researchinlisbon.pt\/en\/useful-information\/\"]}]},{\"@type\":\"BreadcrumbList\",\"@id\":\"https:\/\/researchinlisbon.pt\/en\/useful-information\/#breadcrumb\",\"itemListElement\":[{\"@type\":\"ListItem\",\"position\":1,\"name\":\"Home\",\"item\":\"https:\/\/researchinlisbon.pt\/en\/\"},{\"@type\":\"ListItem\",\"position\":2,\"name\":\"Useful Information\"}]},{\"@type\":\"WebSite\",\"@id\":\"https:\/\/researchinlisbon.pt\/#website\",\"url\":\"https:\/\/researchinlisbon.pt\/\",\"name\":\"Research in Lisbon\",\"description\":\"Research in Lisbon - Website\",\"potentialAction\":[{\"@type\":\"SearchAction\",\"target\":{\"@type\":\"EntryPoint\",\"urlTemplate\":\"https:\/\/researchinlisbon.pt\/?s={search_term_string}\"},\"query-input\":{\"@type\":\"PropertyValueSpecification\",\"valueRequired\":true,\"valueName\":\"search_term_string\"}}],\"inLanguage\":\"en-US\"}]}<\/script>\n<!-- \/ Yoast SEO plugin. -->","yoast_head_json":{"title":"Useful Information - Research in Lisbon","robots":{"index":"index","follow":"follow","max-snippet":"max-snippet:-1","max-image-preview":"max-image-preview:large","max-video-preview":"max-video-preview:-1"},"canonical":"https:\/\/researchinlisbon.pt\/en\/useful-information\/","og_locale":"en_US","og_type":"article","og_title":"Useful Information - Research in Lisbon","og_url":"https:\/\/researchinlisbon.pt\/en\/useful-information\/","og_site_name":"Research in Lisbon","article_modified_time":"2022-06-21T12:17:58+00:00","twitter_card":"summary_large_image","twitter_misc":{"Est. reading time":"6 minutes"},"schema":{"@context":"https:\/\/schema.org","@graph":[{"@type":"WebPage","@id":"https:\/\/researchinlisbon.pt\/en\/useful-information\/","url":"https:\/\/researchinlisbon.pt\/en\/useful-information\/","name":"Useful Information - Research in Lisbon","isPartOf":{"@id":"https:\/\/researchinlisbon.pt\/#website"},"datePublished":"2019-06-12T15:05:27+00:00","dateModified":"2022-06-21T12:17:58+00:00","breadcrumb":{"@id":"https:\/\/researchinlisbon.pt\/en\/useful-information\/#breadcrumb"},"inLanguage":"en-US","potentialAction":[{"@type":"ReadAction","target":["https:\/\/researchinlisbon.pt\/en\/useful-information\/"]}]},{"@type":"BreadcrumbList","@id":"https:\/\/researchinlisbon.pt\/en\/useful-information\/#breadcrumb","itemListElement":[{"@type":"ListItem","position":1,"name":"Home","item":"https:\/\/researchinlisbon.pt\/en\/"},{"@type":"ListItem","position":2,"name":"Useful Information"}]},{"@type":"WebSite","@id":"https:\/\/researchinlisbon.pt\/#website","url":"https:\/\/researchinlisbon.pt\/","name":"Research in Lisbon","description":"Research in Lisbon - Website","potentialAction":[{"@type":"SearchAction","target":{"@type":"EntryPoint","urlTemplate":"https:\/\/researchinlisbon.pt\/?s={search_term_string}"},"query-input":{"@type":"PropertyValueSpecification","valueRequired":true,"valueName":"search_term_string"}}],"inLanguage":"en-US"}]}},"_links":{"self":[{"href":"https:\/\/researchinlisbon.pt\/en\/wp-json\/wp\/v2\/pages\/4727","targetHints":{"allow":["GET"]}}],"collection":[{"href":"https:\/\/researchinlisbon.pt\/en\/wp-json\/wp\/v2\/pages"}],"about":[{"href":"https:\/\/researchinlisbon.pt\/en\/wp-json\/wp\/v2\/types\/page"}],"author":[{"embeddable":true,"href":"https:\/\/researchinlisbon.pt\/en\/wp-json\/wp\/v2\/users\/2"}],"replies":[{"embeddable":true,"href":"https:\/\/researchinlisbon.pt\/en\/wp-json\/wp\/v2\/comments?post=4727"}],"version-history":[{"count":0,"href":"https:\/\/researchinlisbon.pt\/en\/wp-json\/wp\/v2\/pages\/4727\/revisions"}],"wp:attachment":[{"href":"https:\/\/researchinlisbon.pt\/en\/wp-json\/wp\/v2\/media?parent=4727"}],"curies":[{"name":"wp","href":"https:\/\/api.w.org\/{rel}","templated":true}]}}