{"id":6195,"date":"2023-10-19T08:46:53","date_gmt":"2023-10-19T07:46:53","guid":{"rendered":"https:\/\/researchinlisbonqual.cm-lisboa.pt\/science-foundations\/"},"modified":"2025-03-10T11:31:42","modified_gmt":"2025-03-10T11:31:42","slug":"science-foundations","status":"publish","type":"page","link":"https:\/\/researchinlisbon.pt\/en\/science-foundations\/","title":{"rendered":"Science foundations"},"content":{"rendered":"<div class=\"fusion-fullwidth fullwidth-box fusion-builder-row-1 fusion-flex-container nonhundred-percent-fullwidth non-hundred-percent-height-scrolling\" style=\"--awb-border-radius-top-left:0px;--awb-border-radius-top-right:0px;--awb-border-radius-bottom-right:0px;--awb-border-radius-bottom-left:0px;--awb-flex-wrap:wrap;\" ><div class=\"fusion-builder-row fusion-row fusion-flex-align-items-flex-start fusion-flex-content-wrap\" style=\"max-width:1144px;margin-left: calc(-4% \/ 2 );margin-right: calc(-4% \/ 2 );\"><div class=\"fusion-layout-column fusion_builder_column fusion-builder-column-0 fusion_builder_column_1_1 1_1 fusion-flex-column\" style=\"--awb-bg-size:cover;--awb-width-large:100%;--awb-margin-top-large:0px;--awb-spacing-right-large:1.92%;--awb-margin-bottom-large:20px;--awb-spacing-left-large:1.92%;--awb-width-medium:100%;--awb-spacing-right-medium:1.92%;--awb-spacing-left-medium:1.92%;--awb-width-small:100%;--awb-spacing-right-small:1.92%;--awb-spacing-left-small:1.92%;\"><div class=\"fusion-column-wrapper fusion-column-has-shadow fusion-flex-justify-content-flex-start fusion-content-layout-column\"><div class=\"fusion-title title fusion-title-1 fusion-title-text fusion-title-size-one\"><div class=\"title-sep-container title-sep-container-left fusion-no-large-visibility fusion-no-medium-visibility fusion-no-small-visibility\"><div class=\"title-sep sep-double sep-solid\" style=\"border-color:#e0dede;\"><\/div><\/div><span class=\"awb-title-spacer fusion-no-large-visibility fusion-no-medium-visibility fusion-no-small-visibility\"><\/span><h1 class=\"fusion-title-heading title-heading-left\" style=\"margin:0;\"><strong>Science foundations<\/strong><\/h1><span class=\"awb-title-spacer\"><\/span><div class=\"title-sep-container title-sep-container-right\"><div class=\"title-sep sep-double sep-solid\" style=\"border-color:#e0dede;\"><\/div><\/div><\/div><div class=\"fusion-text fusion-text-1\"><p style=\"font-size: 18px;\">There are several foundations dedicated to science in the Lisbon region in the most diverse areas of knowledge and whose contribution is fundamental to the development of the knowledge and innovation ecosystem.<\/p>\n<\/div><\/div><\/div><div class=\"fusion-layout-column fusion_builder_column fusion-builder-column-1 fusion_builder_column_1_2 1_2 fusion-flex-column\" style=\"--awb-bg-size:cover;--awb-width-large:50%;--awb-margin-top-large:0px;--awb-spacing-right-large:3.84%;--awb-margin-bottom-large:20px;--awb-spacing-left-large:3.84%;--awb-width-medium:100%;--awb-spacing-right-medium:1.92%;--awb-spacing-left-medium:1.92%;--awb-width-small:100%;--awb-spacing-right-small:1.92%;--awb-spacing-left-small:1.92%;\"><div class=\"fusion-column-wrapper fusion-column-has-shadow fusion-flex-justify-content-flex-start fusion-content-layout-column\"><div class=\"fusion-title title fusion-title-2 fusion-title-text fusion-title-size-two\"><div class=\"title-sep-container title-sep-container-left fusion-no-large-visibility fusion-no-medium-visibility fusion-no-small-visibility\"><div class=\"title-sep sep-double sep-solid\" style=\"border-color:#e0dede;\"><\/div><\/div><span class=\"awb-title-spacer fusion-no-large-visibility fusion-no-medium-visibility fusion-no-small-visibility\"><\/span><h2 class=\"fusion-title-heading title-heading-left\" style=\"margin:0;\">Science foundations<\/h2><span class=\"awb-title-spacer\"><\/span><div class=\"title-sep-container title-sep-container-right\"><div class=\"title-sep sep-double sep-solid\" style=\"border-color:#e0dede;\"><\/div><\/div><\/div><div class=\"accordian fusion-accordian\" style=\"--awb-border-size:1px;--awb-icon-size:13px;--awb-content-font-size:16px;--awb-icon-alignment:left;--awb-hover-color:#f9f9f9;--awb-border-color:#cccccc;--awb-background-color:#ffffff;--awb-divider-color:#e0dede;--awb-divider-hover-color:#e0dede;--awb-icon-color:#ffffff;--awb-title-color:var(--awb-color8);--awb-content-color:var(--awb-color8);--awb-icon-box-color:#333333;--awb-toggle-hover-accent-color:#00ad42;--awb-title-font-family:&quot;Nunito Sans&quot;;--awb-title-font-weight:600;--awb-title-font-style:normal;--awb-title-line-height:1.5;--awb-content-font-family:&quot;PT Sans&quot;;--awb-content-font-style:normal;--awb-content-font-weight:700;\"><div class=\"panel-group fusion-toggle-icon-boxed\" id=\"accordion-6195-1\"><div class=\"fusion-panel panel-default panel-b236002b689470623 fusion-toggle-has-divider\" style=\"--awb-title-color:var(--awb-color8);\"><div class=\"panel-heading\"><h4 class=\"panel-title toggle\" id=\"toggle_b236002b689470623\"><a aria-expanded=\"false\" aria-controls=\"b236002b689470623\" role=\"button\" data-toggle=\"collapse\" data-parent=\"#accordion-6195-1\" data-target=\"#b236002b689470623\" href=\"#b236002b689470623\"><span class=\"fusion-toggle-icon-wrapper\" aria-hidden=\"true\"><i class=\"fa-fusion-box active-icon awb-icon-minus\" aria-hidden=\"true\"><\/i><i class=\"fa-fusion-box inactive-icon awb-icon-plus\" aria-hidden=\"true\"><\/i><\/span><span class=\"fusion-toggle-heading\">Luso-American Development Foundation<\/span><\/a><\/h4><\/div><div id=\"b236002b689470623\" class=\"panel-collapse collapse \" aria-labelledby=\"toggle_b236002b689470623\"><div class=\"panel-body toggle-content fusion-clearfix\">\n<p><a href=\"https:\/\/www.flad.pt\/en\/\" target=\"_blank\" rel=\"noopener\">View more -&gt;<\/a><\/p>\n<\/div><\/div><\/div><div class=\"fusion-panel panel-default panel-98d7d7e580106d814 fusion-toggle-has-divider\" style=\"--awb-title-color:var(--awb-color8);\"><div class=\"panel-heading\"><h4 class=\"panel-title toggle\" id=\"toggle_98d7d7e580106d814\"><a aria-expanded=\"false\" aria-controls=\"98d7d7e580106d814\" role=\"button\" data-toggle=\"collapse\" data-parent=\"#accordion-6195-1\" data-target=\"#98d7d7e580106d814\" href=\"#98d7d7e580106d814\"><span class=\"fusion-toggle-icon-wrapper\" aria-hidden=\"true\"><i class=\"fa-fusion-box active-icon awb-icon-minus\" aria-hidden=\"true\"><\/i><i class=\"fa-fusion-box inactive-icon awb-icon-plus\" aria-hidden=\"true\"><\/i><\/span><span class=\"fusion-toggle-heading\">Calouste Gulbenkian Foundation<\/span><\/a><\/h4><\/div><div id=\"98d7d7e580106d814\" class=\"panel-collapse collapse \" aria-labelledby=\"toggle_98d7d7e580106d814\"><div class=\"panel-body toggle-content fusion-clearfix\">\n<p><a href=\"https:\/\/gulbenkian.pt\/en\" target=\"_blank\" rel=\"noopener\">View more -&gt;<\/a><\/p>\n<\/div><\/div><\/div><div class=\"fusion-panel panel-default panel-1b9ef642a5088df3a fusion-toggle-has-divider\" style=\"--awb-title-color:var(--awb-color8);\"><div class=\"panel-heading\"><h4 class=\"panel-title toggle\" id=\"toggle_1b9ef642a5088df3a\"><a aria-expanded=\"false\" aria-controls=\"1b9ef642a5088df3a\" role=\"button\" data-toggle=\"collapse\" data-parent=\"#accordion-6195-1\" data-target=\"#1b9ef642a5088df3a\" href=\"#1b9ef642a5088df3a\"><span class=\"fusion-toggle-icon-wrapper\" aria-hidden=\"true\"><i class=\"fa-fusion-box active-icon awb-icon-minus\" aria-hidden=\"true\"><\/i><i class=\"fa-fusion-box inactive-icon awb-icon-plus\" aria-hidden=\"true\"><\/i><\/span><span class=\"fusion-toggle-heading\">Champalimaud Foundation<\/span><\/a><\/h4><\/div><div id=\"1b9ef642a5088df3a\" class=\"panel-collapse collapse \" aria-labelledby=\"toggle_1b9ef642a5088df3a\"><div class=\"panel-body toggle-content fusion-clearfix\">\n<p><a href=\"https:\/\/fchampalimaud.org\/pt-pt\" target=\"_blank\" rel=\"noopener\">View more -&gt;<\/a><\/p>\n<\/div><\/div><\/div><div class=\"fusion-panel panel-default panel-b7a3b60316d275f39 fusion-toggle-has-divider\" style=\"--awb-title-color:var(--awb-color8);\"><div class=\"panel-heading\"><h4 class=\"panel-title toggle\" id=\"toggle_b7a3b60316d275f39\"><a aria-expanded=\"false\" aria-controls=\"b7a3b60316d275f39\" role=\"button\" data-toggle=\"collapse\" data-parent=\"#accordion-6195-1\" data-target=\"#b7a3b60316d275f39\" href=\"#b7a3b60316d275f39\"><span class=\"fusion-toggle-icon-wrapper\" aria-hidden=\"true\"><i class=\"fa-fusion-box active-icon awb-icon-minus\" aria-hidden=\"true\"><\/i><i class=\"fa-fusion-box inactive-icon awb-icon-plus\" aria-hidden=\"true\"><\/i><\/span><span class=\"fusion-toggle-heading\">Foundation for Science and Technology<\/span><\/a><\/h4><\/div><div id=\"b7a3b60316d275f39\" class=\"panel-collapse collapse \" aria-labelledby=\"toggle_b7a3b60316d275f39\"><div class=\"panel-body toggle-content fusion-clearfix\">\n<p><a href=\"https:\/\/www.fct.pt\/en\/\" target=\"_blank\" rel=\"noopener\">View more -&gt;<\/a><\/p>\n<\/div><\/div><\/div><div class=\"fusion-panel panel-default panel-e9205e148b021d80d fusion-toggle-has-divider\" style=\"--awb-title-color:var(--awb-color8);\"><div class=\"panel-heading\"><h4 class=\"panel-title toggle\" id=\"toggle_e9205e148b021d80d\"><a aria-expanded=\"false\" aria-controls=\"e9205e148b021d80d\" role=\"button\" data-toggle=\"collapse\" data-parent=\"#accordion-6195-1\" data-target=\"#e9205e148b021d80d\" href=\"#e9205e148b021d80d\"><span class=\"fusion-toggle-icon-wrapper\" aria-hidden=\"true\"><i class=\"fa-fusion-box active-icon awb-icon-minus\" aria-hidden=\"true\"><\/i><i class=\"fa-fusion-box inactive-icon awb-icon-plus\" aria-hidden=\"true\"><\/i><\/span><span class=\"fusion-toggle-heading\">Oceano Azul Foundation<\/span><\/a><\/h4><\/div><div id=\"e9205e148b021d80d\" class=\"panel-collapse collapse \" aria-labelledby=\"toggle_e9205e148b021d80d\"><div class=\"panel-body toggle-content fusion-clearfix\">\n<p><a href=\"https:\/\/www.oceanoazulfoundation.org\/#m150page\" target=\"_blank\" rel=\"noopener\">View more -&gt;<\/a><\/p>\n<\/div><\/div><\/div><div class=\"fusion-panel panel-default panel-f894471c00dec90bc fusion-toggle-has-divider\" style=\"--awb-title-color:var(--awb-color8);\"><div class=\"panel-heading\"><h4 class=\"panel-title toggle\" id=\"toggle_f894471c00dec90bc\"><a aria-expanded=\"false\" aria-controls=\"f894471c00dec90bc\" role=\"button\" data-toggle=\"collapse\" data-parent=\"#accordion-6195-1\" data-target=\"#f894471c00dec90bc\" href=\"#f894471c00dec90bc\"><span class=\"fusion-toggle-icon-wrapper\" aria-hidden=\"true\"><i class=\"fa-fusion-box active-icon awb-icon-minus\" aria-hidden=\"true\"><\/i><i class=\"fa-fusion-box inactive-icon awb-icon-plus\" aria-hidden=\"true\"><\/i><\/span><span class=\"fusion-toggle-heading\">Portuguese Cardiology Foundation<\/span><\/a><\/h4><\/div><div id=\"f894471c00dec90bc\" class=\"panel-collapse collapse \" aria-labelledby=\"toggle_f894471c00dec90bc\"><div class=\"panel-body toggle-content fusion-clearfix\">\n<p><a href=\"https:\/\/www.fpcardiologia.pt\" target=\"_blank\" rel=\"noopener\">View more -&gt;<\/a><\/p>\n<\/div><\/div><\/div><div class=\"fusion-panel panel-default panel-de5f752613e3c95f7 fusion-toggle-has-divider\" style=\"--awb-title-color:var(--awb-color8);\"><div class=\"panel-heading\"><h4 class=\"panel-title toggle\" id=\"toggle_de5f752613e3c95f7\"><a aria-expanded=\"false\" aria-controls=\"de5f752613e3c95f7\" role=\"button\" data-toggle=\"collapse\" data-parent=\"#accordion-6195-1\" data-target=\"#de5f752613e3c95f7\" href=\"#de5f752613e3c95f7\"><span class=\"fusion-toggle-icon-wrapper\" aria-hidden=\"true\"><i class=\"fa-fusion-box active-icon awb-icon-minus\" aria-hidden=\"true\"><\/i><i class=\"fa-fusion-box inactive-icon awb-icon-plus\" aria-hidden=\"true\"><\/i><\/span><span class=\"fusion-toggle-heading\">Francisco Manuel dos Santos Foundation<\/span><\/a><\/h4><\/div><div id=\"de5f752613e3c95f7\" class=\"panel-collapse collapse \" aria-labelledby=\"toggle_de5f752613e3c95f7\"><div class=\"panel-body toggle-content fusion-clearfix\">\n<p><a href=\"https:\/\/ffms.pt\/en\" target=\"_blank\" rel=\"noopener\">View more -&gt;<\/a><\/p>\n<\/div><\/div><\/div><div class=\"fusion-panel panel-default panel-8603a3972414a70cb fusion-toggle-has-divider\" style=\"--awb-title-color:var(--awb-color8);\"><div class=\"panel-heading\"><h4 class=\"panel-title toggle\" id=\"toggle_8603a3972414a70cb\"><a aria-expanded=\"false\" aria-controls=\"8603a3972414a70cb\" role=\"button\" data-toggle=\"collapse\" data-parent=\"#accordion-6195-1\" data-target=\"#8603a3972414a70cb\" href=\"#8603a3972414a70cb\"><span class=\"fusion-toggle-icon-wrapper\" aria-hidden=\"true\"><i class=\"fa-fusion-box active-icon awb-icon-minus\" aria-hidden=\"true\"><\/i><i class=\"fa-fusion-box inactive-icon awb-icon-plus\" aria-hidden=\"true\"><\/i><\/span><span class=\"fusion-toggle-heading\">Foundation for Scientific Computing<\/span><\/a><\/h4><\/div><div id=\"8603a3972414a70cb\" class=\"panel-collapse collapse \" aria-labelledby=\"toggle_8603a3972414a70cb\"><div class=\"panel-body toggle-content fusion-clearfix\">\n<p><a href=\"https:\/\/www.fccn.pt\/en\/\" target=\"_blank\" rel=\"noopener\">View more -&gt;<\/a><\/p>\n<\/div><\/div><\/div><div class=\"fusion-panel panel-default panel-3399eec00c1741762 fusion-toggle-has-divider\" style=\"--awb-title-color:var(--awb-color8);\"><div class=\"panel-heading\"><h4 class=\"panel-title toggle\" id=\"toggle_3399eec00c1741762\"><a aria-expanded=\"false\" aria-controls=\"3399eec00c1741762\" role=\"button\" data-toggle=\"collapse\" data-parent=\"#accordion-6195-1\" data-target=\"#3399eec00c1741762\" href=\"#3399eec00c1741762\"><span class=\"fusion-toggle-icon-wrapper\" aria-hidden=\"true\"><i class=\"fa-fusion-box active-icon awb-icon-minus\" aria-hidden=\"true\"><\/i><i class=\"fa-fusion-box inactive-icon awb-icon-plus\" aria-hidden=\"true\"><\/i><\/span><span class=\"fusion-toggle-heading\">FIIT - Foundation for Technological Investigation and Innovation<\/span><\/a><\/h4><\/div><div id=\"3399eec00c1741762\" class=\"panel-collapse collapse \" aria-labelledby=\"toggle_3399eec00c1741762\"><div class=\"panel-body toggle-content fusion-clearfix\">\n<p><a href=\"http:\/\/www.fiit.pt\/en\/\" target=\"_blank\" rel=\"noopener\">View more -&gt;<\/a><\/p>\n<\/div><\/div><\/div><div class=\"fusion-panel panel-default panel-be0d19cab9d557b91 fusion-toggle-has-divider\" style=\"--awb-title-color:var(--awb-color8);\"><div class=\"panel-heading\"><h4 class=\"panel-title toggle\" id=\"toggle_be0d19cab9d557b91\"><a aria-expanded=\"false\" aria-controls=\"be0d19cab9d557b91\" role=\"button\" data-toggle=\"collapse\" data-parent=\"#accordion-6195-1\" data-target=\"#be0d19cab9d557b91\" href=\"#be0d19cab9d557b91\"><span class=\"fusion-toggle-icon-wrapper\" aria-hidden=\"true\"><i class=\"fa-fusion-box active-icon awb-icon-minus\" aria-hidden=\"true\"><\/i><i class=\"fa-fusion-box inactive-icon awb-icon-plus\" aria-hidden=\"true\"><\/i><\/span><span class=\"fusion-toggle-heading\">Funda\u00e7\u00e3o da FCUL | Faculdade de Ci\u00eancias da Universidade de Lisboa<\/span><\/a><\/h4><\/div><div id=\"be0d19cab9d557b91\" class=\"panel-collapse collapse \" aria-labelledby=\"toggle_be0d19cab9d557b91\"><div class=\"panel-body toggle-content fusion-clearfix\">\n<p><a href=\"https:\/\/www.fciencias-id.pt\" target=\"_blank\" rel=\"noopener\">View More -&gt;<\/a><\/p>\n<\/div><\/div><\/div><div class=\"fusion-panel panel-default panel-12e037db594267346 fusion-toggle-has-divider\" style=\"--awb-title-color:var(--awb-color8);\"><div class=\"panel-heading\"><h4 class=\"panel-title toggle\" id=\"toggle_12e037db594267346\"><a aria-expanded=\"false\" aria-controls=\"12e037db594267346\" role=\"button\" data-toggle=\"collapse\" data-parent=\"#accordion-6195-1\" data-target=\"#12e037db594267346\" href=\"#12e037db594267346\"><span class=\"fusion-toggle-icon-wrapper\" aria-hidden=\"true\"><i class=\"fa-fusion-box active-icon awb-icon-minus\" aria-hidden=\"true\"><\/i><i class=\"fa-fusion-box inactive-icon awb-icon-plus\" aria-hidden=\"true\"><\/i><\/span><span class=\"fusion-toggle-heading\">Funda\u00e7\u00e3o Econ\u00f3micas - Foundation for the Development of Economic, Financial and Business Sciences<\/span><\/a><\/h4><\/div><div id=\"12e037db594267346\" class=\"panel-collapse collapse \" aria-labelledby=\"toggle_12e037db594267346\"><div class=\"panel-body toggle-content fusion-clearfix\">\n<p><a href=\"https:\/\/www.iseg.ulisboa.pt\/fundacao-economicas\/en\/\" target=\"_blank\" rel=\"noopener\">View More -&gt;<\/a><\/p>\n<\/div><\/div><\/div><div class=\"fusion-panel panel-default panel-0557de77f1eed203c fusion-toggle-has-divider\" style=\"--awb-title-color:var(--awb-color8);\"><div class=\"panel-heading\"><h4 class=\"panel-title toggle\" id=\"toggle_0557de77f1eed203c\"><a aria-expanded=\"false\" aria-controls=\"0557de77f1eed203c\" role=\"button\" data-toggle=\"collapse\" data-parent=\"#accordion-6195-1\" data-target=\"#0557de77f1eed203c\" href=\"#0557de77f1eed203c\"><span class=\"fusion-toggle-icon-wrapper\" aria-hidden=\"true\"><i class=\"fa-fusion-box active-icon awb-icon-minus\" aria-hidden=\"true\"><\/i><i class=\"fa-fusion-box inactive-icon awb-icon-plus\" aria-hidden=\"true\"><\/i><\/span><span class=\"fusion-toggle-heading\">EDP Foundation<\/span><\/a><\/h4><\/div><div id=\"0557de77f1eed203c\" class=\"panel-collapse collapse \" aria-labelledby=\"toggle_0557de77f1eed203c\"><div class=\"panel-body toggle-content fusion-clearfix\">\n<p><a href=\"https:\/\/www.fundacaoedp.pt\/en\" target=\"_blank\" rel=\"noopener\">View More -&gt;<\/a><\/p>\n<\/div><\/div><\/div><div class=\"fusion-panel panel-default panel-ef22a74b0556369d1 fusion-toggle-has-divider\" style=\"--awb-title-color:var(--awb-color8);\"><div class=\"panel-heading\"><h4 class=\"panel-title toggle\" id=\"toggle_ef22a74b0556369d1\"><a aria-expanded=\"false\" aria-controls=\"ef22a74b0556369d1\" role=\"button\" data-toggle=\"collapse\" data-parent=\"#accordion-6195-1\" data-target=\"#ef22a74b0556369d1\" href=\"#ef22a74b0556369d1\"><span class=\"fusion-toggle-icon-wrapper\" aria-hidden=\"true\"><i class=\"fa-fusion-box active-icon awb-icon-minus\" aria-hidden=\"true\"><\/i><i class=\"fa-fusion-box inactive-icon awb-icon-plus\" aria-hidden=\"true\"><\/i><\/span><span class=\"fusion-toggle-heading\">Galp Energy Foundation<\/span><\/a><\/h4><\/div><div id=\"ef22a74b0556369d1\" class=\"panel-collapse collapse \" aria-labelledby=\"toggle_ef22a74b0556369d1\"><div class=\"panel-body toggle-content fusion-clearfix\">\n<p><a href=\"https:\/\/www.galpenergia.com\/\" target=\"_blank\" rel=\"noopener\">View More -&gt;<\/a><\/p>\n<\/div><\/div><\/div><div class=\"fusion-panel panel-default panel-ad16965ecdd5a0e67 fusion-toggle-has-divider\" style=\"--awb-title-color:var(--awb-color8);\"><div class=\"panel-heading\"><h4 class=\"panel-title toggle\" id=\"toggle_ad16965ecdd5a0e67\"><a aria-expanded=\"false\" aria-controls=\"ad16965ecdd5a0e67\" role=\"button\" data-toggle=\"collapse\" data-parent=\"#accordion-6195-1\" data-target=\"#ad16965ecdd5a0e67\" href=\"#ad16965ecdd5a0e67\"><span class=\"fusion-toggle-icon-wrapper\" aria-hidden=\"true\"><i class=\"fa-fusion-box active-icon awb-icon-minus\" aria-hidden=\"true\"><\/i><i class=\"fa-fusion-box inactive-icon awb-icon-plus\" aria-hidden=\"true\"><\/i><\/span><span class=\"fusion-toggle-heading\">Vodafone Portugal Foundation<\/span><\/a><\/h4><\/div><div id=\"ad16965ecdd5a0e67\" class=\"panel-collapse collapse \" aria-labelledby=\"toggle_ad16965ecdd5a0e67\"><div class=\"panel-body toggle-content fusion-clearfix\">\n<p><a href=\"http:\/\/www.vodafone.pt\/en\/about-us.html\" target=\"_blank\" rel=\"noopener\">View More -&gt;<\/a><\/p>\n<\/div><\/div><\/div><div class=\"fusion-panel panel-default panel-2d2c71d88d2356290 fusion-toggle-has-divider\" style=\"--awb-title-color:var(--awb-color8);\"><div class=\"panel-heading\"><h4 class=\"panel-title toggle\" id=\"toggle_2d2c71d88d2356290\"><a aria-expanded=\"false\" aria-controls=\"2d2c71d88d2356290\" role=\"button\" data-toggle=\"collapse\" data-parent=\"#accordion-6195-1\" data-target=\"#2d2c71d88d2356290\" href=\"#2d2c71d88d2356290\"><span class=\"fusion-toggle-icon-wrapper\" aria-hidden=\"true\"><i class=\"fa-fusion-box active-icon awb-icon-minus\" aria-hidden=\"true\"><\/i><i class=\"fa-fusion-box inactive-icon awb-icon-plus\" aria-hidden=\"true\"><\/i><\/span><span class=\"fusion-toggle-heading\">Millennium BCP Foundation<\/span><\/a><\/h4><\/div><div id=\"2d2c71d88d2356290\" class=\"panel-collapse collapse \" aria-labelledby=\"toggle_2d2c71d88d2356290\"><div class=\"panel-body toggle-content fusion-clearfix\">\n<p><a href=\"https:\/\/ind.millenniumbcp.pt\/pt\/Institucional\/fundacao\" target=\"_blank\" rel=\"noopener\">View More -&gt;<\/a><\/p>\n<\/div><\/div><\/div><\/div><\/div><\/div><\/div><\/div><\/div>\n","protected":false},"excerpt":{"rendered":"","protected":false},"author":7,"featured_media":0,"parent":0,"menu_order":0,"comment_status":"closed","ping_status":"closed","template":"","meta":{"footnotes":""},"class_list":["post-6195","page","type-page","status-publish","hentry"],"yoast_head":"<!-- This site is optimized with the Yoast SEO plugin v27.4 - https:\/\/yoast.com\/product\/yoast-seo-wordpress\/ -->\n<title>Science foundations - Research in Lisbon<\/title>\n<meta name=\"robots\" content=\"index, follow, max-snippet:-1, max-image-preview:large, max-video-preview:-1\" \/>\n<link rel=\"canonical\" href=\"https:\/\/researchinlisbon.pt\/en\/science-foundations\/\" \/>\n<meta property=\"og:locale\" content=\"en_US\" \/>\n<meta property=\"og:type\" content=\"article\" \/>\n<meta property=\"og:title\" content=\"Science foundations - Research in Lisbon\" \/>\n<meta property=\"og:url\" content=\"https:\/\/researchinlisbon.pt\/en\/science-foundations\/\" \/>\n<meta property=\"og:site_name\" content=\"Research in Lisbon\" \/>\n<meta property=\"article:modified_time\" content=\"2025-03-10T11:31:42+00:00\" \/>\n<meta name=\"twitter:card\" content=\"summary_large_image\" \/>\n<meta name=\"twitter:label1\" content=\"Est. reading time\" \/>\n\t<meta name=\"twitter:data1\" content=\"1 minute\" \/>\n<script type=\"application\/ld+json\" class=\"yoast-schema-graph\">{\"@context\":\"https:\\\/\\\/schema.org\",\"@graph\":[{\"@type\":\"WebPage\",\"@id\":\"https:\\\/\\\/researchinlisbon.pt\\\/en\\\/science-foundations\\\/\",\"url\":\"https:\\\/\\\/researchinlisbon.pt\\\/en\\\/science-foundations\\\/\",\"name\":\"Science foundations - Research in Lisbon\",\"isPartOf\":{\"@id\":\"https:\\\/\\\/researchinlisbon.pt\\\/#website\"},\"datePublished\":\"2023-10-19T07:46:53+00:00\",\"dateModified\":\"2025-03-10T11:31:42+00:00\",\"breadcrumb\":{\"@id\":\"https:\\\/\\\/researchinlisbon.pt\\\/en\\\/science-foundations\\\/#breadcrumb\"},\"inLanguage\":\"en-US\",\"potentialAction\":[{\"@type\":\"ReadAction\",\"target\":[\"https:\\\/\\\/researchinlisbon.pt\\\/en\\\/science-foundations\\\/\"]}]},{\"@type\":\"BreadcrumbList\",\"@id\":\"https:\\\/\\\/researchinlisbon.pt\\\/en\\\/science-foundations\\\/#breadcrumb\",\"itemListElement\":[{\"@type\":\"ListItem\",\"position\":1,\"name\":\"Home\",\"item\":\"https:\\\/\\\/researchinlisbon.pt\\\/en\\\/\"},{\"@type\":\"ListItem\",\"position\":2,\"name\":\"Science foundations\"}]},{\"@type\":\"WebSite\",\"@id\":\"https:\\\/\\\/researchinlisbon.pt\\\/#website\",\"url\":\"https:\\\/\\\/researchinlisbon.pt\\\/\",\"name\":\"Research in Lisbon\",\"description\":\"Research in Lisbon - Website\",\"potentialAction\":[{\"@type\":\"SearchAction\",\"target\":{\"@type\":\"EntryPoint\",\"urlTemplate\":\"https:\\\/\\\/researchinlisbon.pt\\\/?s={search_term_string}\"},\"query-input\":{\"@type\":\"PropertyValueSpecification\",\"valueRequired\":true,\"valueName\":\"search_term_string\"}}],\"inLanguage\":\"en-US\"}]}<\/script>\n<!-- \/ Yoast SEO plugin. -->","yoast_head_json":{"title":"Science foundations - Research in Lisbon","robots":{"index":"index","follow":"follow","max-snippet":"max-snippet:-1","max-image-preview":"max-image-preview:large","max-video-preview":"max-video-preview:-1"},"canonical":"https:\/\/researchinlisbon.pt\/en\/science-foundations\/","og_locale":"en_US","og_type":"article","og_title":"Science foundations - Research in Lisbon","og_url":"https:\/\/researchinlisbon.pt\/en\/science-foundations\/","og_site_name":"Research in Lisbon","article_modified_time":"2025-03-10T11:31:42+00:00","twitter_card":"summary_large_image","twitter_misc":{"Est. reading time":"1 minute"},"schema":{"@context":"https:\/\/schema.org","@graph":[{"@type":"WebPage","@id":"https:\/\/researchinlisbon.pt\/en\/science-foundations\/","url":"https:\/\/researchinlisbon.pt\/en\/science-foundations\/","name":"Science foundations - Research in Lisbon","isPartOf":{"@id":"https:\/\/researchinlisbon.pt\/#website"},"datePublished":"2023-10-19T07:46:53+00:00","dateModified":"2025-03-10T11:31:42+00:00","breadcrumb":{"@id":"https:\/\/researchinlisbon.pt\/en\/science-foundations\/#breadcrumb"},"inLanguage":"en-US","potentialAction":[{"@type":"ReadAction","target":["https:\/\/researchinlisbon.pt\/en\/science-foundations\/"]}]},{"@type":"BreadcrumbList","@id":"https:\/\/researchinlisbon.pt\/en\/science-foundations\/#breadcrumb","itemListElement":[{"@type":"ListItem","position":1,"name":"Home","item":"https:\/\/researchinlisbon.pt\/en\/"},{"@type":"ListItem","position":2,"name":"Science foundations"}]},{"@type":"WebSite","@id":"https:\/\/researchinlisbon.pt\/#website","url":"https:\/\/researchinlisbon.pt\/","name":"Research in Lisbon","description":"Research in Lisbon - Website","potentialAction":[{"@type":"SearchAction","target":{"@type":"EntryPoint","urlTemplate":"https:\/\/researchinlisbon.pt\/?s={search_term_string}"},"query-input":{"@type":"PropertyValueSpecification","valueRequired":true,"valueName":"search_term_string"}}],"inLanguage":"en-US"}]}},"_links":{"self":[{"href":"https:\/\/researchinlisbon.pt\/en\/wp-json\/wp\/v2\/pages\/6195","targetHints":{"allow":["GET"]}}],"collection":[{"href":"https:\/\/researchinlisbon.pt\/en\/wp-json\/wp\/v2\/pages"}],"about":[{"href":"https:\/\/researchinlisbon.pt\/en\/wp-json\/wp\/v2\/types\/page"}],"author":[{"embeddable":true,"href":"https:\/\/researchinlisbon.pt\/en\/wp-json\/wp\/v2\/users\/7"}],"replies":[{"embeddable":true,"href":"https:\/\/researchinlisbon.pt\/en\/wp-json\/wp\/v2\/comments?post=6195"}],"version-history":[{"count":25,"href":"https:\/\/researchinlisbon.pt\/en\/wp-json\/wp\/v2\/pages\/6195\/revisions"}],"predecessor-version":[{"id":44542,"href":"https:\/\/researchinlisbon.pt\/en\/wp-json\/wp\/v2\/pages\/6195\/revisions\/44542"}],"wp:attachment":[{"href":"https:\/\/researchinlisbon.pt\/en\/wp-json\/wp\/v2\/media?parent=6195"}],"curies":[{"name":"wp","href":"https:\/\/api.w.org\/{rel}","templated":true}]}}